{"id":883,"date":"2021-08-08T02:55:48","date_gmt":"2021-08-07T19:55:48","guid":{"rendered":"https:\/\/vems.com.vn\/?page_id=883"},"modified":"2022-02-13T14:43:12","modified_gmt":"2022-02-13T07:43:12","slug":"equipment-2","status":"publish","type":"page","link":"https:\/\/vems.com.vn\/vi\/equipment-2\/","title":{"rendered":"Thi\u1ebft b\u1ecb"},"content":{"rendered":"<section class=\"section\" id=\"section_497863235\">\n\t\t<div class=\"bg section-bg fill bg-fill  bg-loaded\" >\n\n\t\t\t\n\t\t\t\n\t\t\t\n\n\t\t<\/div>\n\n\t\t<div class=\"section-content relative\">\n\t\t\t\n<div class=\"row\"  id=\"row-604230398\">\n\n\t<div id=\"col-1572591050\" class=\"col small-12 large-12\"  >\n\t\t<div class=\"col-inner\"  >\n\t\t\t\n\t\t\t\n<h1 class=\"uppercase\">Thi\u1ebft b\u1ecb<\/h1>\n<p class=\"thin-font\">Ch\u00fang t\u00f4i l\u00e0 \u0111\u1ed1i t\u00e1c c\u1ee7a nhi\u1ec1u nh\u00e0 s\u1ea3n xu\u1ea5t l\u1edbn tr\u00ean th\u1ebf gi\u1edbi trong vi\u1ec7c cung c\u1ea5p thi\u1ebft b\u1ecb v\u00e0 gi\u1ea3i ph\u00e1p cho c\u00e1c ng\u00e0nh d\u1ea7u kh\u00ed, n\u0103ng l\u01b0\u1ee3ng, h\u00f3a ch\u1ea5t, th\u1ef1c ph\u1ea9m, x\u1eed l\u00fd n\u01b0\u1edbc v\u00e0 n\u01b0\u1edbc th\u1ea3i,\u2026<\/p>\n<div class=\"is-divider divider clearfix\" ><\/div>\n\t<div id=\"gap-1202099223\" class=\"gap-element clearfix\" style=\"display:block; height:auto;\">\n\t\t\n<style>\n#gap-1202099223 {\n  padding-top: 30px;\n}\n<\/style>\n\t<\/div>\n\t\n<div class=\"row\"  id=\"row-243861991\">\n\n\t<div id=\"col-357859131\" class=\"col small-12 large-12\"  >\n\t\t<div class=\"col-inner\"  >\n\t\t\t\n\t\t\t\n\t<div class=\"box has-hover   has-hover box-text-bottom\" >\n\n\t\t<div class=\"box-image\" style=\"width:32%;\">\n\t\t\t\t\t\t<div class=\"\" >\n\t\t\t\t<img width=\"600\" height=\"320\" src=\"https:\/\/vems.com.vn\/wp-content\/uploads\/2022\/02\/image_2022-02-13_144031.png\" class=\"attachment- size-\" alt=\"\" decoding=\"async\" loading=\"lazy\" srcset=\"https:\/\/vems.com.vn\/wp-content\/uploads\/2022\/02\/image_2022-02-13_144031.png 600w, https:\/\/vems.com.vn\/wp-content\/uploads\/2022\/02\/image_2022-02-13_144031-18x10.png 18w\" sizes=\"(max-width: 600px) 100vw, 600px\" \/>\t\t\t\t\t\t\t\t\t\t\t<\/div>\n\t\t\t\t\t<\/div>\n\n\t\t<div class=\"box-text text-center\" >\n\t\t\t<div class=\"box-text-inner\">\n\t\t\t\t\n\t\t\t<\/div>\n\t\t<\/div>\n\t<\/div>\n\t\n\t<div class=\"box has-hover   has-hover box-text-bottom\" >\n\n\t\t<div class=\"box-image\" style=\"width:95%;\">\n\t\t\t\t\t\t<div class=\"\" >\n\t\t\t\t<img width=\"776\" height=\"621\" src=\"https:\/\/vems.com.vn\/wp-content\/uploads\/2022\/02\/image_2022-02-13_143918.png\" class=\"attachment- size-\" alt=\"\" decoding=\"async\" loading=\"lazy\" srcset=\"https:\/\/vems.com.vn\/wp-content\/uploads\/2022\/02\/image_2022-02-13_143918.png 776w, https:\/\/vems.com.vn\/wp-content\/uploads\/2022\/02\/image_2022-02-13_143918-500x400.png 500w, https:\/\/vems.com.vn\/wp-content\/uploads\/2022\/02\/image_2022-02-13_143918-768x615.png 768w, https:\/\/vems.com.vn\/wp-content\/uploads\/2022\/02\/image_2022-02-13_143918-15x12.png 15w\" sizes=\"(max-width: 776px) 100vw, 776px\" \/>\t\t\t\t\t\t\t\t\t\t\t<\/div>\n\t\t\t\t\t<\/div>\n\n\t\t<div class=\"box-text text-center\" >\n\t\t\t<div class=\"box-text-inner\">\n\t\t\t\t\n\t\t\t<\/div>\n\t\t<\/div>\n\t<\/div>\n\t\n\t\t<\/div>\n\t\t\t<\/div>\n\n\t\n\n\t<div id=\"col-516222499\" class=\"col small-12 large-12\"  >\n\t\t<div class=\"col-inner\"  >\n\t\t\t\n\t\t\t\n\t<div class=\"box has-hover   has-hover box-text-bottom\" >\n\n\t\t<div class=\"box-image\" style=\"width:32%;\">\n\t\t\t\t\t\t<div class=\"\" >\n\t\t\t\t<img width=\"1535\" height=\"945\" src=\"https:\/\/vems.com.vn\/wp-content\/uploads\/2022\/02\/image_2022-02-13_144306.png\" class=\"attachment- size-\" alt=\"\" decoding=\"async\" loading=\"lazy\" srcset=\"https:\/\/vems.com.vn\/wp-content\/uploads\/2022\/02\/image_2022-02-13_144306.png 1535w, https:\/\/vems.com.vn\/wp-content\/uploads\/2022\/02\/image_2022-02-13_144306-650x400.png 650w, https:\/\/vems.com.vn\/wp-content\/uploads\/2022\/02\/image_2022-02-13_144306-1299x800.png 1299w, https:\/\/vems.com.vn\/wp-content\/uploads\/2022\/02\/image_2022-02-13_144306-768x473.png 768w, https:\/\/vems.com.vn\/wp-content\/uploads\/2022\/02\/image_2022-02-13_144306-18x12.png 18w\" sizes=\"(max-width: 1535px) 100vw, 1535px\" \/>\t\t\t\t\t\t\t\t\t\t\t<\/div>\n\t\t\t\t\t<\/div>\n\n\t\t<div class=\"box-text text-center\" >\n\t\t\t<div class=\"box-text-inner\">\n\t\t\t\t\n\t\t\t<\/div>\n\t\t<\/div>\n\t<\/div>\n\t\n\t<div class=\"box has-hover   has-hover box-text-bottom\" >\n\n\t\t<div class=\"box-image\" style=\"width:95%;\">\n\t\t\t\t\t\t<div class=\"\" >\n\t\t\t\t<img width=\"817\" height=\"914\" src=\"https:\/\/vems.com.vn\/wp-content\/uploads\/2022\/02\/image_2022-02-13_144232.png\" class=\"attachment- size-\" alt=\"\" decoding=\"async\" loading=\"lazy\" srcset=\"https:\/\/vems.com.vn\/wp-content\/uploads\/2022\/02\/image_2022-02-13_144232.png 817w, https:\/\/vems.com.vn\/wp-content\/uploads\/2022\/02\/image_2022-02-13_144232-358x400.png 358w, https:\/\/vems.com.vn\/wp-content\/uploads\/2022\/02\/image_2022-02-13_144232-715x800.png 715w, https:\/\/vems.com.vn\/wp-content\/uploads\/2022\/02\/image_2022-02-13_144232-768x859.png 768w, https:\/\/vems.com.vn\/wp-content\/uploads\/2022\/02\/image_2022-02-13_144232-11x12.png 11w\" sizes=\"(max-width: 817px) 100vw, 817px\" \/>\t\t\t\t\t\t\t\t\t\t\t<\/div>\n\t\t\t\t\t<\/div>\n\n\t\t<div class=\"box-text text-center\" >\n\t\t\t<div class=\"box-text-inner\">\n\t\t\t\t\n\t\t\t<\/div>\n\t\t<\/div>\n\t<\/div>\n\t\n\t\t<\/div>\n\t\t\t<\/div>\n\n\t\n\n\t<div id=\"col-702532724\" class=\"col small-12 large-12\"  >\n\t\t<div class=\"col-inner\"  >\n\t\t\t\n\t\t\t\n\t<div class=\"box has-hover   has-hover box-text-bottom\" >\n\n\t\t<div class=\"box-image\" style=\"width:32%;\">\n\t\t\t\t\t\t<div class=\"\" >\n\t\t\t\t<img width=\"2700\" height=\"798\" src=\"https:\/\/vems.com.vn\/wp-content\/uploads\/2021\/08\/image_2021-08-08_011411.png\" class=\"attachment- size-\" alt=\"\" decoding=\"async\" loading=\"lazy\" srcset=\"https:\/\/vems.com.vn\/wp-content\/uploads\/2021\/08\/image_2021-08-08_011411.png 2700w, https:\/\/vems.com.vn\/wp-content\/uploads\/2021\/08\/image_2021-08-08_011411-800x236.png 800w, https:\/\/vems.com.vn\/wp-content\/uploads\/2021\/08\/image_2021-08-08_011411-1400x414.png 1400w, https:\/\/vems.com.vn\/wp-content\/uploads\/2021\/08\/image_2021-08-08_011411-768x227.png 768w, https:\/\/vems.com.vn\/wp-content\/uploads\/2021\/08\/image_2021-08-08_011411-1536x454.png 1536w, https:\/\/vems.com.vn\/wp-content\/uploads\/2021\/08\/image_2021-08-08_011411-2048x605.png 2048w, https:\/\/vems.com.vn\/wp-content\/uploads\/2021\/08\/image_2021-08-08_011411-600x177.png 600w\" sizes=\"(max-width: 2700px) 100vw, 2700px\" \/>\t\t\t\t\t\t\t\t\t\t\t<\/div>\n\t\t\t\t\t<\/div>\n\n\t\t<div class=\"box-text text-center\" >\n\t\t\t<div class=\"box-text-inner\">\n\t\t\t\t\n<h2>Toshiba mitsubishi-electric industrial systems corporation<\/h2>\n\t\t\t<\/div>\n\t\t<\/div>\n\t<\/div>\n\t\n\t\t<\/div>\n\t\t\t<\/div>\n\n\t\n\n\t<div id=\"col-1616985848\" class=\"col small-12 large-12\"  >\n\t\t<div class=\"col-inner\"  >\n\t\t\t\n\t\t\t\n\t<div class=\"box has-hover   has-hover box-text-bottom\" >\n\n\t\t<div class=\"box-image\" >\n\t\t\t\t\t\t<div class=\"\" >\n\t\t\t\t<img width=\"1785\" height=\"1347\" src=\"https:\/\/vems.com.vn\/wp-content\/uploads\/2021\/11\/image_2021-11-14_214446.png\" class=\"attachment- size-\" alt=\"\" decoding=\"async\" loading=\"lazy\" srcset=\"https:\/\/vems.com.vn\/wp-content\/uploads\/2021\/11\/image_2021-11-14_214446.png 1160w, https:\/\/vems.com.vn\/wp-content\/uploads\/2021\/11\/image_2021-11-14_214446-527x400.png 527w, https:\/\/vems.com.vn\/wp-content\/uploads\/2021\/11\/image_2021-11-14_214446-1055x800.png 1055w, https:\/\/vems.com.vn\/wp-content\/uploads\/2021\/11\/image_2021-11-14_214446-768x583.png 768w, https:\/\/vems.com.vn\/wp-content\/uploads\/2021\/11\/image_2021-11-14_214446-16x12.png 16w\" sizes=\"(max-width: 1785px) 100vw, 1785px\" \/>\t\t\t\t\t\t\t\t\t\t\t<\/div>\n\t\t\t\t\t<\/div>\n\n\t\t<div class=\"box-text text-center\" >\n\t\t\t<div class=\"box-text-inner\">\n\t\t\t\t\n\t\t\t<\/div>\n\t\t<\/div>\n\t<\/div>\n\t\n\t\t<\/div>\n\t\t\t<\/div>\n\n\t\n\n\t<div id=\"col-800175668\" class=\"col small-12 large-12\"  >\n\t\t<div class=\"col-inner\"  >\n\t\t\t\n\t\t\t\n<hr>\n\t\t<\/div>\n\t\t\t<\/div>\n\n\t\n<\/div>\n<div class=\"row\"  id=\"row-384193291\">\n\n\t<div id=\"col-1229312848\" class=\"col small-12 large-12\"  >\n\t\t<div class=\"col-inner\"  >\n\t\t\t\n\t\t\t\n\t<div class=\"box has-hover   has-hover box-text-bottom\" >\n\n\t\t<div class=\"box-image\" >\n\t\t\t\t\t\t<div class=\"\" >\n\t\t\t\t<img width=\"1050\" height=\"556\" src=\"https:\/\/vems.com.vn\/wp-content\/uploads\/2021\/08\/Group-123.png\" class=\"attachment- size-\" alt=\"\" decoding=\"async\" loading=\"lazy\" srcset=\"https:\/\/vems.com.vn\/wp-content\/uploads\/2021\/08\/Group-123.png 1050w, https:\/\/vems.com.vn\/wp-content\/uploads\/2021\/08\/Group-123-755x400.png 755w, https:\/\/vems.com.vn\/wp-content\/uploads\/2021\/08\/Group-123-768x407.png 768w, https:\/\/vems.com.vn\/wp-content\/uploads\/2021\/08\/Group-123-600x318.png 600w\" sizes=\"(max-width: 1050px) 100vw, 1050px\" \/>\t\t\t\t\t\t\t\t\t\t\t<\/div>\n\t\t\t\t\t<\/div>\n\n\t\t<div class=\"box-text text-center\" >\n\t\t\t<div class=\"box-text-inner\">\n\t\t\t\t\n<h4>Thi\u1ebft b\u1ecb \u0111o l\u01b0\u1eddng: Emerson, Yokogawa, Honewell, Rotork, ABB, Wika<\/h4>\n\t\t\t<\/div>\n\t\t<\/div>\n\t<\/div>\n\t\n\t\t<\/div>\n\t\t\t<\/div>\n\n\t\n\n\t<div id=\"col-1024421022\" class=\"col small-12 large-12\"  >\n\t\t<div class=\"col-inner\"  >\n\t\t\t\n\t\t\t\n\t<div class=\"box has-hover   has-hover box-text-bottom\" >\n\n\t\t<div class=\"box-image\" >\n\t\t\t\t\t\t<div class=\"\" >\n\t\t\t\t<img width=\"1050\" height=\"582\" src=\"https:\/\/vems.com.vn\/wp-content\/uploads\/2021\/08\/Group-122.png\" class=\"attachment- size-\" alt=\"\" decoding=\"async\" loading=\"lazy\" srcset=\"https:\/\/vems.com.vn\/wp-content\/uploads\/2021\/08\/Group-122.png 1050w, https:\/\/vems.com.vn\/wp-content\/uploads\/2021\/08\/Group-122-722x400.png 722w, https:\/\/vems.com.vn\/wp-content\/uploads\/2021\/08\/Group-122-768x426.png 768w, https:\/\/vems.com.vn\/wp-content\/uploads\/2021\/08\/Group-122-600x333.png 600w\" sizes=\"(max-width: 1050px) 100vw, 1050px\" \/>\t\t\t\t\t\t\t\t\t\t\t<\/div>\n\t\t\t\t\t<\/div>\n\n\t\t<div class=\"box-text text-center\" >\n\t\t\t<div class=\"box-text-inner\">\n\t\t\t\t\n<h4>Kh\u00ed chu\u1ea9n, \u0111\u1ea7u d\u00f2 v\u00e0 thi\u1ebft b\u1ecb gi\u00e1m s\u00e1t kh\u00ed; Van \u0111i\u1ec1u \u00e1p \u0111\u1eb7c bi\u1ec7t:<br \/>Mesa, Calgaz<\/h4>\n\t\t\t<\/div>\n\t\t<\/div>\n\t<\/div>\n\t\n\t\t<\/div>\n\t\t\t<\/div>\n\n\t\n\n\t<div id=\"col-98793487\" class=\"col small-12 large-12\"  >\n\t\t<div class=\"col-inner\"  >\n\t\t\t\n\t\t\t\n\t<div class=\"box has-hover   has-hover box-text-bottom\" >\n\n\t\t<div class=\"box-image\" >\n\t\t\t\t\t\t<div class=\"\" >\n\t\t\t\t<img width=\"1050\" height=\"554\" src=\"https:\/\/vems.com.vn\/wp-content\/uploads\/2021\/08\/Group-124.png\" class=\"attachment- size-\" alt=\"\" decoding=\"async\" loading=\"lazy\" srcset=\"https:\/\/vems.com.vn\/wp-content\/uploads\/2021\/08\/Group-124.png 1050w, https:\/\/vems.com.vn\/wp-content\/uploads\/2021\/08\/Group-124-758x400.png 758w, https:\/\/vems.com.vn\/wp-content\/uploads\/2021\/08\/Group-124-768x405.png 768w, https:\/\/vems.com.vn\/wp-content\/uploads\/2021\/08\/Group-124-600x317.png 600w\" sizes=\"(max-width: 1050px) 100vw, 1050px\" \/>\t\t\t\t\t\t\t\t\t\t\t<\/div>\n\t\t\t\t\t<\/div>\n\n\t\t<div class=\"box-text text-center\" >\n\t\t\t<div class=\"box-text-inner\">\n\t\t\t\t\n<h4>Thi\u1ebft b\u1ecb ki\u1ec3m tra v\u00e0 \u0111o l\u01b0\u1eddng: Fluke, Amatek, Additel, Hioki<\/h4>\n\t\t\t<\/div>\n\t\t<\/div>\n\t<\/div>\n\t\n\t\t<\/div>\n\t\t\t<\/div>\n\n\t\n\n\t<div id=\"col-1368198301\" class=\"col small-12 large-12\"  >\n\t\t<div class=\"col-inner\"  >\n\t\t\t\n\t\t\t\n\t<div class=\"box has-hover   has-hover box-text-bottom\" >\n\n\t\t<div class=\"box-image\" >\n\t\t\t\t\t\t<div class=\"\" >\n\t\t\t\t<img width=\"1050\" height=\"580\" src=\"https:\/\/vems.com.vn\/wp-content\/uploads\/2021\/08\/Group-125.png\" class=\"attachment- size-\" alt=\"\" decoding=\"async\" loading=\"lazy\" srcset=\"https:\/\/vems.com.vn\/wp-content\/uploads\/2021\/08\/Group-125.png 1050w, https:\/\/vems.com.vn\/wp-content\/uploads\/2021\/08\/Group-125-724x400.png 724w, https:\/\/vems.com.vn\/wp-content\/uploads\/2021\/08\/Group-125-768x424.png 768w, https:\/\/vems.com.vn\/wp-content\/uploads\/2021\/08\/Group-125-600x331.png 600w\" sizes=\"(max-width: 1050px) 100vw, 1050px\" \/>\t\t\t\t\t\t\t\t\t\t\t<\/div>\n\t\t\t\t\t<\/div>\n\n\t\t<div class=\"box-text text-center\" >\n\t\t\t<div class=\"box-text-inner\">\n\t\t\t\t\n<h4>H\u00f3a ch\u1ea5t: Sigma, Merck, Fisher, Acros, Prolabo, Scharlau, Alfa Aeasar, Duksan, Xilong, JHD, Bio-Rad, Oxoid, Biokar, Himedia<\/h4>\n\t\t\t<\/div>\n\t\t<\/div>\n\t<\/div>\n\t\n\t\t<\/div>\n\t\t\t<\/div>\n\n\t\n<\/div>\n\t\t<\/div>\n\t\t\t<\/div>\n\n\t\n<\/div>\n\t\t<\/div>\n\n\t\t\n<style>\n#section_497863235 {\n  padding-top: 30px;\n  padding-bottom: 30px;\n}\n<\/style>\n\t<\/section>","protected":false},"excerpt":{"rendered":"","protected":false},"author":1,"featured_media":0,"parent":0,"menu_order":0,"comment_status":"closed","ping_status":"closed","template":"","meta":[],"yoast_head":"<!-- This site is optimized with the Yoast SEO plugin v16.8 - https:\/\/yoast.com\/wordpress\/plugins\/seo\/ -->\n<title>Supply Equipments - VEMS<\/title>\n<meta name=\"robots\" content=\"index, follow, max-snippet:-1, max-image-preview:large, max-video-preview:-1\" \/>\n<link rel=\"canonical\" href=\"https:\/\/vems.com.vn\/vi\/equipment-2\/\" \/>\n<meta property=\"og:locale\" content=\"vi_VN\" \/>\n<meta property=\"og:type\" content=\"article\" \/>\n<meta property=\"og:title\" content=\"Supply Equipments - VEMS\" \/>\n<meta property=\"og:url\" content=\"https:\/\/vems.com.vn\/vi\/equipment-2\/\" \/>\n<meta property=\"og:site_name\" content=\"VEMS\" \/>\n<meta property=\"article:modified_time\" content=\"2022-02-13T07:43:12+00:00\" \/>\n<meta name=\"twitter:card\" content=\"summary_large_image\" \/>\n<meta name=\"twitter:label1\" content=\"\u01af\u1edbc t\u00ednh th\u1eddi gian \u0111\u1ecdc\" \/>\n\t<meta name=\"twitter:data1\" content=\"1 ph\u00fat\" \/>\n<script type=\"application\/ld+json\" class=\"yoast-schema-graph\">{\"@context\":\"https:\/\/schema.org\",\"@graph\":[{\"@type\":\"WebSite\",\"@id\":\"https:\/\/vems.com.vn\/vi\/#website\",\"url\":\"https:\/\/vems.com.vn\/vi\/\",\"name\":\"VEMS\",\"description\":\"Viet Nam Equipment &amp; Metrology Service., LTD\",\"potentialAction\":[{\"@type\":\"SearchAction\",\"target\":{\"@type\":\"EntryPoint\",\"urlTemplate\":\"https:\/\/vems.com.vn\/vi\/?s={search_term_string}\"},\"query-input\":\"required name=search_term_string\"}],\"inLanguage\":\"vi\"},{\"@type\":\"WebPage\",\"@id\":\"https:\/\/vems.com.vn\/vi\/equipment-2\/#webpage\",\"url\":\"https:\/\/vems.com.vn\/vi\/equipment-2\/\",\"name\":\"Supply Equipments - VEMS\",\"isPartOf\":{\"@id\":\"https:\/\/vems.com.vn\/vi\/#website\"},\"datePublished\":\"2021-08-07T19:55:48+00:00\",\"dateModified\":\"2022-02-13T07:43:12+00:00\",\"breadcrumb\":{\"@id\":\"https:\/\/vems.com.vn\/vi\/equipment-2\/#breadcrumb\"},\"inLanguage\":\"vi\",\"potentialAction\":[{\"@type\":\"ReadAction\",\"target\":[\"https:\/\/vems.com.vn\/vi\/equipment-2\/\"]}]},{\"@type\":\"BreadcrumbList\",\"@id\":\"https:\/\/vems.com.vn\/vi\/equipment-2\/#breadcrumb\",\"itemListElement\":[{\"@type\":\"ListItem\",\"position\":1,\"name\":\"Trang ch\\u1ee7\",\"item\":\"https:\/\/vems.com.vn\/vi\/\"},{\"@type\":\"ListItem\",\"position\":2,\"name\":\"Supply Equipments\"}]}]}<\/script>\n<!-- \/ Yoast SEO plugin. -->","yoast_head_json":{"title":"Supply Equipments - VEMS","robots":{"index":"index","follow":"follow","max-snippet":"max-snippet:-1","max-image-preview":"max-image-preview:large","max-video-preview":"max-video-preview:-1"},"canonical":"https:\/\/vems.com.vn\/vi\/equipment-2\/","og_locale":"vi_VN","og_type":"article","og_title":"Supply Equipments - VEMS","og_url":"https:\/\/vems.com.vn\/vi\/equipment-2\/","og_site_name":"VEMS","article_modified_time":"2022-02-13T07:43:12+00:00","twitter_card":"summary_large_image","twitter_misc":{"\u01af\u1edbc t\u00ednh th\u1eddi gian \u0111\u1ecdc":"1 ph\u00fat"},"schema":{"@context":"https:\/\/schema.org","@graph":[{"@type":"WebSite","@id":"https:\/\/vems.com.vn\/vi\/#website","url":"https:\/\/vems.com.vn\/vi\/","name":"VEMS","description":"Viet Nam Equipment &amp; Metrology Service., LTD","potentialAction":[{"@type":"SearchAction","target":{"@type":"EntryPoint","urlTemplate":"https:\/\/vems.com.vn\/vi\/?s={search_term_string}"},"query-input":"required name=search_term_string"}],"inLanguage":"vi"},{"@type":"WebPage","@id":"https:\/\/vems.com.vn\/vi\/equipment-2\/#webpage","url":"https:\/\/vems.com.vn\/vi\/equipment-2\/","name":"Supply Equipments - VEMS","isPartOf":{"@id":"https:\/\/vems.com.vn\/vi\/#website"},"datePublished":"2021-08-07T19:55:48+00:00","dateModified":"2022-02-13T07:43:12+00:00","breadcrumb":{"@id":"https:\/\/vems.com.vn\/vi\/equipment-2\/#breadcrumb"},"inLanguage":"vi","potentialAction":[{"@type":"ReadAction","target":["https:\/\/vems.com.vn\/vi\/equipment-2\/"]}]},{"@type":"BreadcrumbList","@id":"https:\/\/vems.com.vn\/vi\/equipment-2\/#breadcrumb","itemListElement":[{"@type":"ListItem","position":1,"name":"Trang ch\u1ee7","item":"https:\/\/vems.com.vn\/vi\/"},{"@type":"ListItem","position":2,"name":"Supply Equipments"}]}]}},"_links":{"self":[{"href":"https:\/\/vems.com.vn\/vi\/wp-json\/wp\/v2\/pages\/883"}],"collection":[{"href":"https:\/\/vems.com.vn\/vi\/wp-json\/wp\/v2\/pages"}],"about":[{"href":"https:\/\/vems.com.vn\/vi\/wp-json\/wp\/v2\/types\/page"}],"author":[{"embeddable":true,"href":"https:\/\/vems.com.vn\/vi\/wp-json\/wp\/v2\/users\/1"}],"replies":[{"embeddable":true,"href":"https:\/\/vems.com.vn\/vi\/wp-json\/wp\/v2\/comments?post=883"}],"version-history":[{"count":33,"href":"https:\/\/vems.com.vn\/vi\/wp-json\/wp\/v2\/pages\/883\/revisions"}],"predecessor-version":[{"id":1242,"href":"https:\/\/vems.com.vn\/vi\/wp-json\/wp\/v2\/pages\/883\/revisions\/1242"}],"wp:attachment":[{"href":"https:\/\/vems.com.vn\/vi\/wp-json\/wp\/v2\/media?parent=883"}],"curies":[{"name":"wp","href":"https:\/\/api.w.org\/{rel}","templated":true}]}}