{"id":779,"date":"2021-08-04T00:42:29","date_gmt":"2021-08-03T17:42:29","guid":{"rendered":"https:\/\/vems.com.vn\/?page_id=779"},"modified":"2021-11-16T06:05:00","modified_gmt":"2021-11-15T23:05:00","slug":"services","status":"publish","type":"page","link":"https:\/\/vems.com.vn\/vi\/services\/","title":{"rendered":"D\u1ecbch v\u1ee5"},"content":{"rendered":"<section class=\"section\" id=\"section_1023138812\">\n\t\t<div class=\"bg section-bg fill bg-fill  bg-loaded\" >\n\n\t\t\t\n\t\t\t\n\t\t\t\n\n\t\t<\/div>\n\n\t\t<div class=\"section-content relative\">\n\t\t\t\n<div class=\"row row-large row-divided\"  id=\"row-78318527\">\n\n\t<div id=\"col-1840244468\" class=\"col small-12 large-12\"  >\n\t\t<div class=\"col-inner\"  >\n\t\t\t\n\t\t\t\n<h2 class=\"uppercase\">D\u1ecbch v\u1ee5<\/h2>\n<p>Ch\u00fang t\u00f4i l\u00e0 c\u00f4ng ty cung c\u1ea5p \u0111\u1ea7y \u0111\u1ee7 c\u00e1c lo\u1ea1i h\u00e0ng h\u00f3a v\u00e0 c\u00e1c d\u1ecbch v\u1ee5 li\u00ean quan cho kh\u00e1ch h\u00e0ng. Ch\u00fang t\u00f4i \u0111\u00e3 h\u1ee3p t\u00e1c v\u1edbi m\u1ed9t s\u1ed1 nh\u00e0 s\u1ea3n xu\u1ea5t thi\u1ebft b\u1ecb h\u00e0ng \u0111\u1ea7u trong l\u0129nh v\u1ef1c n\u00e0y \u0111\u1ec3 cung c\u1ea5p cho kh\u00e1ch h\u00e0ng nh\u1eefng thi\u1ebft b\u1ecb, d\u1ecbch v\u1ee5 v\u00e0 h\u1ed7 tr\u1ee3 t\u1ed1t nh\u1ea5t v\u1edbi gi\u00e1 c\u1ea3 c\u1ea1nh tranh.<\/p>\n<div class=\"is-divider divider clearfix\" ><\/div>\n\t\t<\/div>\n\t\t\t<\/div>\n\n\t\n<\/div>\n<div class=\"row align-middle align-center row-box-shadow-2-hover\"  id=\"row-595750586\">\n\n\t<div id=\"col-227740415\" class=\"col medium-12 small-12 large-12\"  >\n\t\t<div class=\"col-inner\" style=\"background-color:rgb(255,255,255);\" >\n\t\t\t\n\t\t\t\n<div class=\"row row-collapse align-middle\"  id=\"row-23398607\">\n\n\t<div id=\"col-1211862009\" class=\"col medium-12 small-12 large-6 medium-col-first\"  >\n\t\t<div class=\"col-inner\"  >\n\t\t\t\n\t\t\t\n\n  <div class=\"banner has-hover\" id=\"banner-2113552867\">\n          <div class=\"banner-inner fill\">\n        <div class=\"banner-bg fill\" >\n            <div class=\"bg fill bg-fill\"><\/div>\n                                    \n                    <\/div>\n        <div class=\"banner-layers container\">\n            <div class=\"fill banner-link\"><\/div>            \n   <div id=\"text-box-1434280212\" class=\"text-box banner-layer x50 md-x50 lg-x50 y50 md-y50 lg-y50 res-text\">\n                                <div class=\"text-box-content text dark\">\n              \n              <div class=\"text-inner text-center\">\n                  \n              <\/div>\n           <\/div>\n                            \n<style>\n#text-box-1434280212 {\n  width: 60%;\n}\n#text-box-1434280212 .text-box-content {\n  font-size: 100%;\n}\n<\/style>\n    <\/div>\n \n        <\/div>\n      <\/div>\n\n            \n<style>\n#banner-2113552867 {\n  padding-top: 99.99%;\n  background-color: rgb(33, 53, 44);\n}\n#banner-2113552867 .bg.bg-loaded {\n  background-image: url(https:\/\/vems.com.vn\/wp-content\/uploads\/2021\/08\/7e4e6bf6dd0a2954701b-1.png);\n}\n#banner-2113552867 .bg {\n  background-position: 91% 41%;\n}\n@media (min-width:550px) {\n  #banner-2113552867 {\n    padding-top: 70%;\n  }\n}\n@media (min-width:850px) {\n  #banner-2113552867 {\n    padding-top: 50%;\n  }\n}\n<\/style>\n  <\/div>\n\n\n\t\t<\/div>\n\t\t\t<\/div>\n\n\t\n\n\t<div id=\"col-119816421\" class=\"col medium-12 small-12 large-6\"  >\n\t\t<div class=\"col-inner text-left\"  >\n\t\t\t\n\t\t\t\n\t<div id=\"text-324771444\" class=\"text\">\n\t\t\n<h3 class=\"entry-title\">Th\u1eed nghi\u1ec7m, hi\u1ec7u chu\u1ea9n v\u00e0 ki\u1ec3m \u0111\u1ecbnh<\/h3>\n<p>\u0110\u1ed3ng h\u1ed3 \u0111o \u00e1p su\u1ea5t, \u0111o ch\u00eanh \u00e1p, nhi\u1ec7t \u0111\u1ed9, C\u1ea3m bi\u1ebfn \u0111o m\u1ee9c, C\u00f4ng t\u1eafc \u00e1p su\u1ea5t, Van an to\u00e0n, Van \u0111i\u1ec1u khi\u1ec3n, Van \u0111\u00f3ng m\u1edf...<\/p>\n\t\t\n<style>\n#text-324771444 {\n  text-align: left;\n}\n<\/style>\n\t<\/div>\n\t\n\t\t<\/div>\n\t\t\n<style>\n#col-119816421 > .col-inner {\n  padding: 20px 7% 20px 7%;\n}\n@media (min-width:550px) {\n  #col-119816421 > .col-inner {\n    padding: 40px 10% 40px 10%;\n  }\n}\n@media (min-width:850px) {\n  #col-119816421 > .col-inner {\n    padding: 0px 10% 0px 10%;\n  }\n}\n<\/style>\n\t<\/div>\n\n\t\n<\/div>\n\t\t<\/div>\n\t\t\t<\/div>\n\n\t\n<\/div>\n<div class=\"row align-middle align-center row-box-shadow-2-hover\"  id=\"row-599159453\">\n\n\t<div id=\"col-1115529884\" class=\"col medium-12 small-12 large-12\"  >\n\t\t<div class=\"col-inner\" style=\"background-color:rgb(255,255,255);\" >\n\t\t\t\n\t\t\t\n<div class=\"row row-collapse align-middle\"  id=\"row-205680546\">\n\n\t<div id=\"col-90083010\" class=\"col medium-12 small-12 large-6 medium-col-first\"  >\n\t\t<div class=\"col-inner\"  >\n\t\t\t\n\t\t\t\n\n  <div class=\"banner has-hover\" id=\"banner-907569693\">\n          <div class=\"banner-inner fill\">\n        <div class=\"banner-bg fill\" >\n            <div class=\"bg fill bg-fill\"><\/div>\n                                    \n                    <\/div>\n        <div class=\"banner-layers container\">\n            <div class=\"fill banner-link\"><\/div>            \n   <div id=\"text-box-2082707990\" class=\"text-box banner-layer x50 md-x50 lg-x50 y50 md-y50 lg-y50 res-text\">\n                                <div class=\"text-box-content text dark\">\n              \n              <div class=\"text-inner text-center\">\n                  \n              <\/div>\n           <\/div>\n                            \n<style>\n#text-box-2082707990 {\n  width: 60%;\n}\n#text-box-2082707990 .text-box-content {\n  font-size: 100%;\n}\n<\/style>\n    <\/div>\n \n        <\/div>\n      <\/div>\n\n            \n<style>\n#banner-907569693 {\n  padding-top: 99.99%;\n  background-color: rgb(33, 53, 44);\n}\n#banner-907569693 .bg.bg-loaded {\n  background-image: url(https:\/\/vems.com.vn\/wp-content\/uploads\/2021\/08\/image-62.png);\n}\n#banner-907569693 .bg {\n  background-position: 91% 41%;\n}\n@media (min-width:550px) {\n  #banner-907569693 {\n    padding-top: 70%;\n  }\n}\n@media (min-width:850px) {\n  #banner-907569693 {\n    padding-top: 50%;\n  }\n}\n<\/style>\n  <\/div>\n\n\n\t\t<\/div>\n\t\t\t<\/div>\n\n\t\n\n\t<div id=\"col-2083656780\" class=\"col medium-12 small-12 large-6\"  >\n\t\t<div class=\"col-inner text-left\"  >\n\t\t\t\n\t\t\t\n\t<div id=\"text-3239024524\" class=\"text\">\n\t\t\n<h3 class=\"entry-title\">E&amp;I Construction and Loop test<\/h3>\n<p>Fabricate and Install cable tray, tubing, support, conduit and E&amp;I equipment. Cable pulling, termination, commissning, loop test and system upgrade<\/p>\n\t\t\n<style>\n#text-3239024524 {\n  text-align: left;\n}\n<\/style>\n\t<\/div>\n\t\n\t\t<\/div>\n\t\t\n<style>\n#col-2083656780 > .col-inner {\n  padding: 20px 7% 20px 7%;\n}\n@media (min-width:550px) {\n  #col-2083656780 > .col-inner {\n    padding: 40px 10% 40px 10%;\n  }\n}\n@media (min-width:850px) {\n  #col-2083656780 > .col-inner {\n    padding: 0px 10% 0px 10%;\n  }\n}\n<\/style>\n\t<\/div>\n\n\t\n<\/div>\n\t\t<\/div>\n\t\t\t<\/div>\n\n\t\n<\/div>\n<div class=\"row align-middle align-center row-box-shadow-2-hover\"  id=\"row-321012276\">\n\n\t<div id=\"col-1337173331\" class=\"col medium-12 small-12 large-12\"  >\n\t\t<div class=\"col-inner\" style=\"background-color:rgb(255,255,255);\" >\n\t\t\t\n\t\t\t\n<div class=\"row row-collapse align-middle\"  id=\"row-2110802031\">\n\n\t<div id=\"col-665636331\" class=\"col medium-12 small-12 large-6 medium-col-first\"  >\n\t\t<div class=\"col-inner\"  >\n\t\t\t\n\t\t\t\n\n  <div class=\"banner has-hover\" id=\"banner-1358051355\">\n          <div class=\"banner-inner fill\">\n        <div class=\"banner-bg fill\" >\n            <div class=\"bg fill bg-fill\"><\/div>\n                                    \n                    <\/div>\n        <div class=\"banner-layers container\">\n            <div class=\"fill banner-link\"><\/div>            \n   <div id=\"text-box-1378853042\" class=\"text-box banner-layer x50 md-x50 lg-x50 y50 md-y50 lg-y50 res-text\">\n                                <div class=\"text-box-content text dark\">\n              \n              <div class=\"text-inner text-center\">\n                  \n              <\/div>\n           <\/div>\n                            \n<style>\n#text-box-1378853042 {\n  width: 60%;\n}\n#text-box-1378853042 .text-box-content {\n  font-size: 100%;\n}\n<\/style>\n    <\/div>\n \n        <\/div>\n      <\/div>\n\n            \n<style>\n#banner-1358051355 {\n  padding-top: 99.99%;\n  background-color: rgb(33, 53, 44);\n}\n#banner-1358051355 .bg.bg-loaded {\n  background-image: url(https:\/\/vems.com.vn\/wp-content\/uploads\/2021\/08\/87b5128c72288776de39-1-737x800.jpg);\n}\n#banner-1358051355 .bg {\n  background-position: 91% 41%;\n}\n@media (min-width:550px) {\n  #banner-1358051355 {\n    padding-top: 70%;\n  }\n}\n@media (min-width:850px) {\n  #banner-1358051355 {\n    padding-top: 50%;\n  }\n}\n<\/style>\n  <\/div>\n\n\n\t\t<\/div>\n\t\t\t<\/div>\n\n\t\n\n\t<div id=\"col-1461490804\" class=\"col medium-12 small-12 large-6\"  >\n\t\t<div class=\"col-inner text-left\"  >\n\t\t\t\n\t\t\t\n\t<div id=\"text-2443441307\" class=\"text\">\n\t\t\n<h3 class=\"entry-title\">B\u1ea3o tr\u00ec<\/h3>\n<p>H\u1ec7 th\u1ed1ng \u0111i\u1ec7n v\u00e0 \u0111o l\u01b0\u1eddng, T\u1ee7 \u0111i\u1ec7n, T\u1ee7 \u0111i\u1ec1u khi\u1ec3n \u0111\u1ed9ng c\u01a1, H\u1ec7 th\u1ed1ng thi\u1ebft b\u1ecb \u0111i\u1ec1u khi\u1ec3n, H\u1ec7 th\u1ed1ng chi\u1ebfu s\u00e1ng, Ki\u1ec3m tra v\u00e0 \u0111\u1ea1i tu \u0110\u1ed9ng c\u01a1 m\u1ed9t chi\u1ec1u - xoay chi\u1ec1u, B\u01a1m, Qu\u1ea1t, H\u1ec7 th\u1ed1ng th\u00f4ng gi\u00f3,...<\/p>\n\t\t\n<style>\n#text-2443441307 {\n  text-align: left;\n}\n<\/style>\n\t<\/div>\n\t\n\t\t<\/div>\n\t\t\n<style>\n#col-1461490804 > .col-inner {\n  padding: 20px 7% 20px 7%;\n}\n@media (min-width:550px) {\n  #col-1461490804 > .col-inner {\n    padding: 40px 10% 40px 10%;\n  }\n}\n@media (min-width:850px) {\n  #col-1461490804 > .col-inner {\n    padding: 0px 10% 0px 10%;\n  }\n}\n<\/style>\n\t<\/div>\n\n\t\n<\/div>\n\t\t<\/div>\n\t\t\t<\/div>\n\n\t\n<\/div>\n\t\t<\/div>\n\n\t\t\n<style>\n#section_1023138812 {\n  padding-top: 30px;\n  padding-bottom: 30px;\n}\n<\/style>\n\t<\/section>","protected":false},"excerpt":{"rendered":"","protected":false},"author":1,"featured_media":0,"parent":0,"menu_order":0,"comment_status":"closed","ping_status":"closed","template":"","meta":[],"yoast_head":"<!-- This site is optimized with the Yoast SEO plugin v16.8 - https:\/\/yoast.com\/wordpress\/plugins\/seo\/ -->\n<title>Supply Services - VEMS<\/title>\n<meta name=\"robots\" content=\"index, follow, max-snippet:-1, max-image-preview:large, max-video-preview:-1\" \/>\n<link rel=\"canonical\" href=\"https:\/\/vems.com.vn\/vi\/services\/\" \/>\n<meta property=\"og:locale\" content=\"vi_VN\" \/>\n<meta property=\"og:type\" content=\"article\" \/>\n<meta property=\"og:title\" content=\"Supply Services - VEMS\" \/>\n<meta property=\"og:url\" content=\"https:\/\/vems.com.vn\/vi\/services\/\" \/>\n<meta property=\"og:site_name\" content=\"VEMS\" \/>\n<meta property=\"article:modified_time\" content=\"2021-11-15T23:05:00+00:00\" \/>\n<meta name=\"twitter:card\" content=\"summary_large_image\" \/>\n<meta name=\"twitter:label1\" content=\"\u01af\u1edbc t\u00ednh th\u1eddi gian \u0111\u1ecdc\" \/>\n\t<meta name=\"twitter:data1\" content=\"2 ph\u00fat\" \/>\n<script type=\"application\/ld+json\" class=\"yoast-schema-graph\">{\"@context\":\"https:\/\/schema.org\",\"@graph\":[{\"@type\":\"WebSite\",\"@id\":\"https:\/\/vems.com.vn\/vi\/#website\",\"url\":\"https:\/\/vems.com.vn\/vi\/\",\"name\":\"VEMS\",\"description\":\"Viet Nam Equipment &amp; Metrology Service., LTD\",\"potentialAction\":[{\"@type\":\"SearchAction\",\"target\":{\"@type\":\"EntryPoint\",\"urlTemplate\":\"https:\/\/vems.com.vn\/vi\/?s={search_term_string}\"},\"query-input\":\"required name=search_term_string\"}],\"inLanguage\":\"vi\"},{\"@type\":\"WebPage\",\"@id\":\"https:\/\/vems.com.vn\/vi\/services\/#webpage\",\"url\":\"https:\/\/vems.com.vn\/vi\/services\/\",\"name\":\"Supply Services - VEMS\",\"isPartOf\":{\"@id\":\"https:\/\/vems.com.vn\/vi\/#website\"},\"datePublished\":\"2021-08-03T17:42:29+00:00\",\"dateModified\":\"2021-11-15T23:05:00+00:00\",\"breadcrumb\":{\"@id\":\"https:\/\/vems.com.vn\/vi\/services\/#breadcrumb\"},\"inLanguage\":\"vi\",\"potentialAction\":[{\"@type\":\"ReadAction\",\"target\":[\"https:\/\/vems.com.vn\/vi\/services\/\"]}]},{\"@type\":\"BreadcrumbList\",\"@id\":\"https:\/\/vems.com.vn\/vi\/services\/#breadcrumb\",\"itemListElement\":[{\"@type\":\"ListItem\",\"position\":1,\"name\":\"Trang ch\\u1ee7\",\"item\":\"https:\/\/vems.com.vn\/vi\/\"},{\"@type\":\"ListItem\",\"position\":2,\"name\":\"Supply Services\"}]}]}<\/script>\n<!-- \/ Yoast SEO plugin. -->","yoast_head_json":{"title":"Supply Services - VEMS","robots":{"index":"index","follow":"follow","max-snippet":"max-snippet:-1","max-image-preview":"max-image-preview:large","max-video-preview":"max-video-preview:-1"},"canonical":"https:\/\/vems.com.vn\/vi\/services\/","og_locale":"vi_VN","og_type":"article","og_title":"Supply Services - VEMS","og_url":"https:\/\/vems.com.vn\/vi\/services\/","og_site_name":"VEMS","article_modified_time":"2021-11-15T23:05:00+00:00","twitter_card":"summary_large_image","twitter_misc":{"\u01af\u1edbc t\u00ednh th\u1eddi gian \u0111\u1ecdc":"2 ph\u00fat"},"schema":{"@context":"https:\/\/schema.org","@graph":[{"@type":"WebSite","@id":"https:\/\/vems.com.vn\/vi\/#website","url":"https:\/\/vems.com.vn\/vi\/","name":"VEMS","description":"Viet Nam Equipment &amp; Metrology Service., LTD","potentialAction":[{"@type":"SearchAction","target":{"@type":"EntryPoint","urlTemplate":"https:\/\/vems.com.vn\/vi\/?s={search_term_string}"},"query-input":"required name=search_term_string"}],"inLanguage":"vi"},{"@type":"WebPage","@id":"https:\/\/vems.com.vn\/vi\/services\/#webpage","url":"https:\/\/vems.com.vn\/vi\/services\/","name":"Supply Services - VEMS","isPartOf":{"@id":"https:\/\/vems.com.vn\/vi\/#website"},"datePublished":"2021-08-03T17:42:29+00:00","dateModified":"2021-11-15T23:05:00+00:00","breadcrumb":{"@id":"https:\/\/vems.com.vn\/vi\/services\/#breadcrumb"},"inLanguage":"vi","potentialAction":[{"@type":"ReadAction","target":["https:\/\/vems.com.vn\/vi\/services\/"]}]},{"@type":"BreadcrumbList","@id":"https:\/\/vems.com.vn\/vi\/services\/#breadcrumb","itemListElement":[{"@type":"ListItem","position":1,"name":"Trang ch\u1ee7","item":"https:\/\/vems.com.vn\/vi\/"},{"@type":"ListItem","position":2,"name":"Supply Services"}]}]}},"_links":{"self":[{"href":"https:\/\/vems.com.vn\/vi\/wp-json\/wp\/v2\/pages\/779"}],"collection":[{"href":"https:\/\/vems.com.vn\/vi\/wp-json\/wp\/v2\/pages"}],"about":[{"href":"https:\/\/vems.com.vn\/vi\/wp-json\/wp\/v2\/types\/page"}],"author":[{"embeddable":true,"href":"https:\/\/vems.com.vn\/vi\/wp-json\/wp\/v2\/users\/1"}],"replies":[{"embeddable":true,"href":"https:\/\/vems.com.vn\/vi\/wp-json\/wp\/v2\/comments?post=779"}],"version-history":[{"count":32,"href":"https:\/\/vems.com.vn\/vi\/wp-json\/wp\/v2\/pages\/779\/revisions"}],"predecessor-version":[{"id":1222,"href":"https:\/\/vems.com.vn\/vi\/wp-json\/wp\/v2\/pages\/779\/revisions\/1222"}],"wp:attachment":[{"href":"https:\/\/vems.com.vn\/vi\/wp-json\/wp\/v2\/media?parent=779"}],"curies":[{"name":"wp","href":"https:\/\/api.w.org\/{rel}","templated":true}]}}