{"id":759,"date":"2021-08-02T20:16:57","date_gmt":"2021-08-02T13:16:57","guid":{"rendered":"https:\/\/vems.com.vn\/?page_id=759"},"modified":"2021-11-14T02:04:35","modified_gmt":"2021-11-13T19:04:35","slug":"blog","status":"publish","type":"page","link":"https:\/\/vems.com.vn\/vi\/blog\/","title":{"rendered":"Tin t\u1ee9c"},"content":{"rendered":"<div class=\"row row-large row-divided\"  id=\"row-1417999078\">\n\n\t<div id=\"col-1210075411\" class=\"col medium-4 small-12 large-4\"  >\n\t\t<div class=\"col-inner\"  >\n\t\t\t\n\t\t\t\n\t<div id=\"text-4275420489\" class=\"text hidden\">\n\t\t\n<h3>B\u00e0i vi\u1ebft m\u1edbi nh\u1ea5t<\/h3>\n\t\t\t<\/div>\n\t\n\n<h3>Theo d\u00f5i ch\u00fang t\u00f4i<\/h3>\n<div class=\"is-divider divider clearfix\" ><\/div>\n<p><iframe loading=\"lazy\" src=\"https:\/\/www.facebook.com\/plugins\/page.php?href=https%3A%2F%2Fwww.facebook.com%2FC%C3%B4ng-ty-TNHH-Thi%E1%BA%BFt-b%E1%BB%8B-v%C3%A0-D%E1%BB%8Bch-v%E1%BB%A5-%C4%90o-l%C6%B0%E1%BB%9Dng-Vi%E1%BB%87t-Nam-107039098108557&#038;tabs=timeline&#038;width=340&#038;height=500&#038;small_header=false&#038;adapt_container_width=true&#038;hide_cover=false&#038;show_facepile=true&#038;appId=249264239685069\" width=\"340\" height=\"500\" style=\"border:none;overflow:hidden\" scrolling=\"no\" frameborder=\"0\" allowfullscreen=\"true\" allow=\"autoplay; clipboard-write; encrypted-media; picture-in-picture; web-share\"><\/iframe><\/p>\n\n\t\t<\/div>\n\t\t\t<\/div>\n\n\t\n\n\t<div id=\"col-25301661\" class=\"col medium-8 small-12 large-8\"  >\n\t\t<div class=\"col-inner\"  >\n\t\t\t\n\t\t\t\n<h1 class=\"uppercase\">Tin t\u1ee9c<\/h1>\n\t<div id=\"gap-2061674834\" class=\"gap-element clearfix\" style=\"display:block; height:auto;\">\n\t\t\n<style>\n#gap-2061674834 {\n  padding-top: 30px;\n}\n<\/style>\n\t<\/div>\n\t\n\n  \n    <div class=\"row large-columns-1 medium-columns- small-columns-1 has-shadow row-box-shadow-2\">\n  \t\t<div class=\"col post-item\" >\n\t\t\t<div class=\"col-inner\">\n\t\t\t<a href=\"https:\/\/vems.com.vn\/vi\/thuc-trang-che-bien-dau-khi-va-cac-de-xuat\/\" class=\"plain\">\n\t\t\t\t<div class=\"box box-vertical box-text-bottom box-blog-post has-hover\">\n            \t\t\t\t\t<div class=\"box-image\" style=\"width:50%;\">\n  \t\t\t\t\t\t<div class=\"image-cover\" style=\"padding-top:56%;\">\n  \t\t\t\t\t\t\t<img width=\"602\" height=\"400\" src=\"https:\/\/vems.com.vn\/wp-content\/uploads\/2021\/07\/4103_LPH_9556_resize-602x400.jpg\" class=\"attachment-medium size-medium wp-post-image\" alt=\"\" decoding=\"async\" loading=\"lazy\" srcset=\"https:\/\/vems.com.vn\/wp-content\/uploads\/2021\/07\/4103_LPH_9556_resize-602x400.jpg 602w, https:\/\/vems.com.vn\/wp-content\/uploads\/2021\/07\/4103_LPH_9556_resize-768x511.jpg 768w, https:\/\/vems.com.vn\/wp-content\/uploads\/2021\/07\/4103_LPH_9556_resize-600x399.jpg 600w, https:\/\/vems.com.vn\/wp-content\/uploads\/2021\/07\/4103_LPH_9556_resize.jpg 1000w\" sizes=\"(max-width: 602px) 100vw, 602px\" \/>  \t\t\t\t\t\t\t  \t\t\t\t\t\t\t  \t\t\t\t\t\t<\/div>\n  \t\t\t\t\t\t  \t\t\t\t\t<\/div>\n          \t\t\t\t\t<div class=\"box-text text-left\" >\n\t\t\t\t\t<div class=\"box-text-inner blog-post-inner\">\n\n\t\t\t\t\t\n\t\t\t\t\t\t\t\t\t\t<h5 class=\"post-title is-large\">Th\u1ef1c tr\u1ea1ng ch\u1ebf bi\u1ebfn d\u1ea7u kh\u00ed v\u00e0 c\u00e1c \u0111\u1ec1 xu\u1ea5t<\/h5>\n\t\t\t\t\t\t\t\t\t\t<div class=\"is-divider\"><\/div>\n\t\t\t\t\t\t\t\t\t\t<p class=\"from_the_blog_excerpt\">B\u00e1o \u0111\u1ed9ng v\u1ec1 ngu\u1ed3n cung kh\u00ed gi\u1ea3m \u0111\u01b0\u1ee3c T\u1eadp \u0111o\u00e0n D\u1ea7u kh\u00ed Vi\u1ec7t Nam (PVN) [...]\t\t\t\t\t<\/p>\n\t\t\t\t\t                    \n\t\t\t\t\t\n\t\t\t\t\t\n\t\t\t\t\t<\/div>\n\t\t\t\t\t<\/div>\n\t\t\t\t\t\t\t\t\t\t\t\t\t\t\t\t<div class=\"badge absolute top post-date badge-outline\">\n\t\t\t\t\t\t\t<div class=\"badge-inner\">\n\t\t\t\t\t\t\t\t<span class=\"post-date-day\">28<\/span><br>\n\t\t\t\t\t\t\t\t<span class=\"post-date-month is-xsmall\">Th7<\/span>\n\t\t\t\t\t\t\t<\/div>\n\t\t\t\t\t\t<\/div>\n\t\t\t\t\t\t\t\t\t<\/div>\n\t\t\t\t<\/a>\n\t\t\t<\/div>\n\t\t<\/div>\n\t\t<div class=\"col post-item\" >\n\t\t\t<div class=\"col-inner\">\n\t\t\t<a href=\"https:\/\/vems.com.vn\/vi\/che-bien-dau-khi\/\" class=\"plain\">\n\t\t\t\t<div class=\"box box-vertical box-text-bottom box-blog-post has-hover\">\n            \t\t\t\t\t<div class=\"box-image\" style=\"width:50%;\">\n  \t\t\t\t\t\t<div class=\"image-cover\" style=\"padding-top:56%;\">\n  \t\t\t\t\t\t\t<img width=\"533\" height=\"400\" src=\"https:\/\/vems.com.vn\/wp-content\/uploads\/2021\/07\/dau-khi-07-04-01-533x400.jpg\" class=\"attachment-medium size-medium wp-post-image\" alt=\"\" decoding=\"async\" loading=\"lazy\" srcset=\"https:\/\/vems.com.vn\/wp-content\/uploads\/2021\/07\/dau-khi-07-04-01-533x400.jpg 533w, https:\/\/vems.com.vn\/wp-content\/uploads\/2021\/07\/dau-khi-07-04-01-768x576.jpg 768w, https:\/\/vems.com.vn\/wp-content\/uploads\/2021\/07\/dau-khi-07-04-01-600x450.jpg 600w, https:\/\/vems.com.vn\/wp-content\/uploads\/2021\/07\/dau-khi-07-04-01.jpg 800w\" sizes=\"(max-width: 533px) 100vw, 533px\" \/>  \t\t\t\t\t\t\t  \t\t\t\t\t\t\t  \t\t\t\t\t\t<\/div>\n  \t\t\t\t\t\t  \t\t\t\t\t<\/div>\n          \t\t\t\t\t<div class=\"box-text text-left\" >\n\t\t\t\t\t<div class=\"box-text-inner blog-post-inner\">\n\n\t\t\t\t\t\n\t\t\t\t\t\t\t\t\t\t<h5 class=\"post-title is-large\">Ch\u1ebf bi\u1ebfn d\u1ea7u kh\u00ed<\/h5>\n\t\t\t\t\t\t\t\t\t\t<div class=\"is-divider\"><\/div>\n\t\t\t\t\t\t\t\t\t\t<p class=\"from_the_blog_excerpt\">Ch\u1ebf bi\u1ebfn D\u1ea7u kh\u00ed l\u00e0 m\u1ed9t trong 5 l\u0129nh v\u1ef1c s\u1ea3n xu\u1ea5t kinh doanh c\u1ed1t [...]\t\t\t\t\t<\/p>\n\t\t\t\t\t                    \n\t\t\t\t\t\n\t\t\t\t\t\n\t\t\t\t\t<\/div>\n\t\t\t\t\t<\/div>\n\t\t\t\t\t\t\t\t\t\t\t\t\t\t\t\t<div class=\"badge absolute top post-date badge-outline\">\n\t\t\t\t\t\t\t<div class=\"badge-inner\">\n\t\t\t\t\t\t\t\t<span class=\"post-date-day\">28<\/span><br>\n\t\t\t\t\t\t\t\t<span class=\"post-date-month is-xsmall\">Th7<\/span>\n\t\t\t\t\t\t\t<\/div>\n\t\t\t\t\t\t<\/div>\n\t\t\t\t\t\t\t\t\t<\/div>\n\t\t\t\t<\/a>\n\t\t\t<\/div>\n\t\t<\/div>\n\t\t<div class=\"col post-item\" >\n\t\t\t<div class=\"col-inner\">\n\t\t\t<a href=\"https:\/\/vems.com.vn\/vi\/manh-ghep-cuoi-cung-cua-trung-tam-dien-luc-duyen-hai\/\" class=\"plain\">\n\t\t\t\t<div class=\"box box-vertical box-text-bottom box-blog-post has-hover\">\n            \t\t\t\t\t<div class=\"box-image\" style=\"width:50%;\">\n  \t\t\t\t\t\t<div class=\"image-cover\" style=\"padding-top:56%;\">\n  \t\t\t\t\t\t\t<img width=\"589\" height=\"400\" src=\"https:\/\/vems.com.vn\/wp-content\/uploads\/2021\/07\/nhiet-dien-Duyen-Hai-589x400.jpg\" class=\"attachment-medium size-medium wp-post-image\" alt=\"\" decoding=\"async\" loading=\"lazy\" srcset=\"https:\/\/vems.com.vn\/wp-content\/uploads\/2021\/07\/nhiet-dien-Duyen-Hai-589x400.jpg 589w, https:\/\/vems.com.vn\/wp-content\/uploads\/2021\/07\/nhiet-dien-Duyen-Hai-768x521.jpg 768w, https:\/\/vems.com.vn\/wp-content\/uploads\/2021\/07\/nhiet-dien-Duyen-Hai-600x407.jpg 600w, https:\/\/vems.com.vn\/wp-content\/uploads\/2021\/07\/nhiet-dien-Duyen-Hai.jpg 1000w\" sizes=\"(max-width: 589px) 100vw, 589px\" \/>  \t\t\t\t\t\t\t  \t\t\t\t\t\t\t  \t\t\t\t\t\t<\/div>\n  \t\t\t\t\t\t  \t\t\t\t\t<\/div>\n          \t\t\t\t\t<div class=\"box-text text-left\" >\n\t\t\t\t\t<div class=\"box-text-inner blog-post-inner\">\n\n\t\t\t\t\t\n\t\t\t\t\t\t\t\t\t\t<h5 class=\"post-title is-large\">&#8216;M\u1ea3nh gh\u00e9p&#8217; cu\u1ed1i c\u00f9ng c\u1ee7a Trung t\u00e2m \u0110i\u1ec7n l\u1ef1c Duy\u00ean H\u1ea3i<\/h5>\n\t\t\t\t\t\t\t\t\t\t<div class=\"is-divider\"><\/div>\n\t\t\t\t\t\t\t\t\t\t<p class=\"from_the_blog_excerpt\">Nh\u00e0 m\u00e1y Nhi\u1ec7t \u0111i\u1ec7n Duy\u00ean H\u1ea3i 2 \u0111ang \u0111\u01b0\u1ee3c ch\u1ee7 \u0111\u1ea7u t\u01b0 d\u1ef1 \u00e1n v\u00e0 [...]\t\t\t\t\t<\/p>\n\t\t\t\t\t                    \n\t\t\t\t\t\n\t\t\t\t\t\n\t\t\t\t\t<\/div>\n\t\t\t\t\t<\/div>\n\t\t\t\t\t\t\t\t\t\t\t\t\t\t\t\t<div class=\"badge absolute top post-date badge-outline\">\n\t\t\t\t\t\t\t<div class=\"badge-inner\">\n\t\t\t\t\t\t\t\t<span class=\"post-date-day\">28<\/span><br>\n\t\t\t\t\t\t\t\t<span class=\"post-date-month is-xsmall\">Th7<\/span>\n\t\t\t\t\t\t\t<\/div>\n\t\t\t\t\t\t<\/div>\n\t\t\t\t\t\t\t\t\t<\/div>\n\t\t\t\t<\/a>\n\t\t\t<\/div>\n\t\t<\/div>\n<\/div>\n\t\t<\/div>\n\t\t\t<\/div>\n\n\t\n<\/div>","protected":false},"excerpt":{"rendered":"","protected":false},"author":1,"featured_media":0,"parent":0,"menu_order":0,"comment_status":"closed","ping_status":"closed","template":"","meta":[],"yoast_head":"<!-- This site is optimized with the Yoast SEO plugin v16.8 - https:\/\/yoast.com\/wordpress\/plugins\/seo\/ -->\n<title>Blog - VEMS<\/title>\n<meta name=\"robots\" content=\"index, follow, max-snippet:-1, max-image-preview:large, max-video-preview:-1\" \/>\n<link rel=\"canonical\" href=\"https:\/\/vems.com.vn\/vi\/blog\/\" \/>\n<meta property=\"og:locale\" content=\"vi_VN\" \/>\n<meta property=\"og:type\" content=\"article\" \/>\n<meta property=\"og:title\" content=\"Blog - VEMS\" \/>\n<meta property=\"og:url\" content=\"https:\/\/vems.com.vn\/vi\/blog\/\" \/>\n<meta property=\"og:site_name\" content=\"VEMS\" \/>\n<meta property=\"article:modified_time\" content=\"2021-11-13T19:04:35+00:00\" \/>\n<meta name=\"twitter:card\" content=\"summary_large_image\" \/>\n<script type=\"application\/ld+json\" class=\"yoast-schema-graph\">{\"@context\":\"https:\/\/schema.org\",\"@graph\":[{\"@type\":\"WebSite\",\"@id\":\"https:\/\/vems.com.vn\/vi\/#website\",\"url\":\"https:\/\/vems.com.vn\/vi\/\",\"name\":\"VEMS\",\"description\":\"Viet Nam Equipment &amp; Metrology Service., LTD\",\"potentialAction\":[{\"@type\":\"SearchAction\",\"target\":{\"@type\":\"EntryPoint\",\"urlTemplate\":\"https:\/\/vems.com.vn\/vi\/?s={search_term_string}\"},\"query-input\":\"required name=search_term_string\"}],\"inLanguage\":\"vi\"},{\"@type\":\"WebPage\",\"@id\":\"https:\/\/vems.com.vn\/vi\/blog\/#webpage\",\"url\":\"https:\/\/vems.com.vn\/vi\/blog\/\",\"name\":\"Blog - VEMS\",\"isPartOf\":{\"@id\":\"https:\/\/vems.com.vn\/vi\/#website\"},\"datePublished\":\"2021-08-02T13:16:57+00:00\",\"dateModified\":\"2021-11-13T19:04:35+00:00\",\"breadcrumb\":{\"@id\":\"https:\/\/vems.com.vn\/vi\/blog\/#breadcrumb\"},\"inLanguage\":\"vi\",\"potentialAction\":[{\"@type\":\"ReadAction\",\"target\":[\"https:\/\/vems.com.vn\/vi\/blog\/\"]}]},{\"@type\":\"BreadcrumbList\",\"@id\":\"https:\/\/vems.com.vn\/vi\/blog\/#breadcrumb\",\"itemListElement\":[{\"@type\":\"ListItem\",\"position\":1,\"name\":\"Trang ch\\u1ee7\",\"item\":\"https:\/\/vems.com.vn\/vi\/\"},{\"@type\":\"ListItem\",\"position\":2,\"name\":\"Blog\"}]}]}<\/script>\n<!-- \/ Yoast SEO plugin. -->","yoast_head_json":{"title":"Blog - VEMS","robots":{"index":"index","follow":"follow","max-snippet":"max-snippet:-1","max-image-preview":"max-image-preview:large","max-video-preview":"max-video-preview:-1"},"canonical":"https:\/\/vems.com.vn\/vi\/blog\/","og_locale":"vi_VN","og_type":"article","og_title":"Blog - VEMS","og_url":"https:\/\/vems.com.vn\/vi\/blog\/","og_site_name":"VEMS","article_modified_time":"2021-11-13T19:04:35+00:00","twitter_card":"summary_large_image","schema":{"@context":"https:\/\/schema.org","@graph":[{"@type":"WebSite","@id":"https:\/\/vems.com.vn\/vi\/#website","url":"https:\/\/vems.com.vn\/vi\/","name":"VEMS","description":"Viet Nam Equipment &amp; Metrology Service., LTD","potentialAction":[{"@type":"SearchAction","target":{"@type":"EntryPoint","urlTemplate":"https:\/\/vems.com.vn\/vi\/?s={search_term_string}"},"query-input":"required name=search_term_string"}],"inLanguage":"vi"},{"@type":"WebPage","@id":"https:\/\/vems.com.vn\/vi\/blog\/#webpage","url":"https:\/\/vems.com.vn\/vi\/blog\/","name":"Blog - VEMS","isPartOf":{"@id":"https:\/\/vems.com.vn\/vi\/#website"},"datePublished":"2021-08-02T13:16:57+00:00","dateModified":"2021-11-13T19:04:35+00:00","breadcrumb":{"@id":"https:\/\/vems.com.vn\/vi\/blog\/#breadcrumb"},"inLanguage":"vi","potentialAction":[{"@type":"ReadAction","target":["https:\/\/vems.com.vn\/vi\/blog\/"]}]},{"@type":"BreadcrumbList","@id":"https:\/\/vems.com.vn\/vi\/blog\/#breadcrumb","itemListElement":[{"@type":"ListItem","position":1,"name":"Trang ch\u1ee7","item":"https:\/\/vems.com.vn\/vi\/"},{"@type":"ListItem","position":2,"name":"Blog"}]}]}},"_links":{"self":[{"href":"https:\/\/vems.com.vn\/vi\/wp-json\/wp\/v2\/pages\/759"}],"collection":[{"href":"https:\/\/vems.com.vn\/vi\/wp-json\/wp\/v2\/pages"}],"about":[{"href":"https:\/\/vems.com.vn\/vi\/wp-json\/wp\/v2\/types\/page"}],"author":[{"embeddable":true,"href":"https:\/\/vems.com.vn\/vi\/wp-json\/wp\/v2\/users\/1"}],"replies":[{"embeddable":true,"href":"https:\/\/vems.com.vn\/vi\/wp-json\/wp\/v2\/comments?post=759"}],"version-history":[{"count":10,"href":"https:\/\/vems.com.vn\/vi\/wp-json\/wp\/v2\/pages\/759\/revisions"}],"predecessor-version":[{"id":1124,"href":"https:\/\/vems.com.vn\/vi\/wp-json\/wp\/v2\/pages\/759\/revisions\/1124"}],"wp:attachment":[{"href":"https:\/\/vems.com.vn\/vi\/wp-json\/wp\/v2\/media?parent=759"}],"curies":[{"name":"wp","href":"https:\/\/api.w.org\/{rel}","templated":true}]}}