{"id":733,"date":"2021-08-02T19:45:22","date_gmt":"2021-08-02T12:45:22","guid":{"rendered":"https:\/\/vems.com.vn\/?page_id=733"},"modified":"2025-10-15T16:42:54","modified_gmt":"2025-10-15T09:42:54","slug":"about-us","status":"publish","type":"page","link":"https:\/\/vems.com.vn\/vi\/about-us\/","title":{"rendered":"Gi\u1edbi thi\u1ec7u"},"content":{"rendered":"<section class=\"section\" id=\"section_653280990\">\n\t\t<div class=\"bg section-bg fill bg-fill  bg-loaded\" >\n\n\t\t\t\n\t\t\t\n\t\t\t\n\n\t\t<\/div>\n\n\t\t<div class=\"section-content relative\">\n\t\t\t\n\n<div class=\"row row-large align-middle align-center\"  id=\"row-1316805617\">\n\n\t<div id=\"col-1634685759\" class=\"col medium-9 small-12 large-9\"  >\n\t\t<div class=\"col-inner\"  >\n\t\t\t\n\t\t\t\n<h1 style=\"text-align: center;\">Gi\u1edbi thi\u1ec7u<\/h1>\n\t\t<\/div>\n\t\t\t<\/div>\n\n\t\n<\/div>\n<div class=\"row align-center\"  id=\"row-1518357404\">\n\n\t<div id=\"col-1973592189\" class=\"col medium-9 small-10 large-9\"  >\n\t\t<div class=\"col-inner\"  >\n\t\t\t\n\t\t\t\n\t<div id=\"gap-130924382\" class=\"gap-element clearfix\" style=\"display:block; height:auto;\">\n\t\t\n<style>\n#gap-130924382 {\n  padding-top: 10px;\n}\n<\/style>\n\t<\/div>\n\t\n<p>C\u00f4ng ty TNHH Thi\u1ebft B\u1ecb v\u00e0 D\u1ecbch V\u1ee5 \u0110o L\u01b0\u1eddng Vi\u1ec7t Nam (VEMS Co., Ltd) \u0111\u01b0\u1ee3c th\u00e0nh l\u1eadp v\u00e0o ng\u00e0y 4 th\u00e1ng 5 n\u0103m 2018 theo Lu\u1eadt Doanh nghi\u1ec7p.<\/p>\n<p>VEMS Co., Ltd office is located in Ho Chi Minh City (No. 28 No Trang Long Street, Rach Dua ward, Ho Chi Minh City, Vietnam)<\/p>\n\n  <div class=\"banner has-hover\" id=\"banner-1385511388\">\n          <div class=\"banner-inner fill\">\n        <div class=\"banner-bg fill\" >\n            <div class=\"bg fill bg-fill\"><\/div>\n                                    \n                    <\/div>\n        <div class=\"banner-layers container\">\n            <div class=\"fill banner-link\"><\/div>            \n        <\/div>\n      <\/div>\n\n            \n<style>\n#banner-1385511388 {\n  padding-top: 99.99%;\n  background-color: rgb(247, 245, 244);\n}\n#banner-1385511388 .bg.bg-loaded {\n  background-image: url(https:\/\/vems.com.vn\/wp-content\/uploads\/2021\/07\/04_Khai_thac_dau_khi_tai_mo_STT_2-1213x800.jpg);\n}\n@media (min-width:550px) {\n  #banner-1385511388 {\n    padding-top: 500px;\n  }\n}\n<\/style>\n  <\/div>\n\n\n\t<div id=\"gap-1641558095\" class=\"gap-element clearfix\" style=\"display:block; height:auto;\">\n\t\t\n<style>\n#gap-1641558095 {\n  padding-top: 30px;\n}\n<\/style>\n\t<\/div>\n\t\n<p><span style=\"color: #0000ff;\"><strong>L\u0129nh v\u1ef1c kinh doanh c\u1ed1t l\u00f5i l\u00e0 cung c\u1ea5p D\u1ecbch v\u1ee5 v\u00e0 Thi\u1ebft b\u1ecb:\u00a0<\/strong><\/span><\/p>\n<p><span style=\"color: #0000ff;\"><strong>D\u1ecbch v\u1ee5:<\/strong><\/span><\/p>\n<ul>\n<li>D\u1ecbch v\u1ee5 hi\u1ec7u chu\u1ea9n, ki\u1ec3m \u0111\u1ecbnh v\u00e0 th\u1eed nghi\u1ec7m c\u00e1c thi\u1ebft b\u1ecb \u0111o l\u01b0\u1eddng \u0111i\u1ec1u khi\u1ec3n.<\/li>\n<li>X\u00e2y l\u1eafp h\u1ec7 th\u1ed1ng \u0111i\u1ec7n v\u00e0 \u0111o l\u01b0\u1eddng \u0111i\u1ec1u khi\u1ec3n: Ch\u1ebf t\u1ea1o v\u00e0 l\u1eafp \u0111\u1eb7t m\u00e1ng c\u00e1p, \u0111\u01b0\u1eddng \u1ed1ng, gi\u00e1 \u0111\u1ee1, \u1ed1ng d\u1eabn d\u00e2y v\u00e0 l\u1eafp \u0111\u1eb7t thi\u1ebft b\u1ecb \u0111i\u1ec7n - \u0111o l\u01b0\u1eddng. K\u00e9o c\u00e1p, \u0111\u1ea5u n\u1ed1i, Ch\u1ea1y th\u1eed, Ki\u1ec3m tra v\u00f2ng l\u1eb7p v\u00e0 n\u00e2ng c\u1ea5p h\u1ec7 th\u1ed1ng.<\/li>\n<li>D\u1ecbch v\u1ee5 b\u1ea3o tr\u00ec: H\u1ec7 th\u1ed1ng \u0111i\u1ec7n v\u00e0 \u0111o l\u01b0\u1eddng \u0111i\u1ec1u khi\u1ec3n, H\u1ec7 th\u1ed1ng chi\u1ebfu s\u00e1ng, T\u1ee7 \u0111i\u1ec7n, T\u1ee7 \u0111i\u1ec1u khi\u1ec3n \u0111\u1ed9ng c\u01a1, Ki\u1ec3m tra v\u00e0 \u0111\u1ea1i tu \u0111\u1ed9ng c\u01a1 m\u1ed9t chi\u1ec1u - xoay chi\u1ec1u, B\u01a1m, Van, Qu\u1ea1t, H\u1ec7 th\u1ed1ng th\u00f4ng gi\u00f3,...<\/li>\n<\/ul>\n\t\t<\/div>\n\t\t\t<\/div>\n\n\t\n\n\n\n\n\t<div id=\"col-1897516073\" class=\"col small-12 large-12\"  >\n\t\t<div class=\"col-inner text-center\"  >\n\t\t\t\n\t\t\t\n\t<div class=\"img has-hover x md-x lg-x y md-y lg-y\" id=\"image_242319305\">\n\t\t\t\t\t\t\t\t<div class=\"img-inner dark\" >\n\t\t\t<img width=\"1020\" height=\"530\" src=\"https:\/\/vems.com.vn\/wp-content\/uploads\/2021\/11\/image_2021-11-16_055040.png\" class=\"attachment-large size-large\" alt=\"\" decoding=\"async\" loading=\"lazy\" srcset=\"https:\/\/vems.com.vn\/wp-content\/uploads\/2021\/11\/image_2021-11-16_055040.png 1432w, https:\/\/vems.com.vn\/wp-content\/uploads\/2021\/11\/image_2021-11-16_055040-764x400.png 764w, https:\/\/vems.com.vn\/wp-content\/uploads\/2021\/11\/image_2021-11-16_055040-1400x733.png 1400w, https:\/\/vems.com.vn\/wp-content\/uploads\/2021\/11\/image_2021-11-16_055040-768x402.png 768w, https:\/\/vems.com.vn\/wp-content\/uploads\/2021\/11\/image_2021-11-16_055040-18x9.png 18w\" sizes=\"(max-width: 1020px) 100vw, 1020px\" \/>\t\t\t\t\t\t\n\t\t\t\t\t<\/div>\n\t\t\t\t\t\t\t\t\n<style>\n#image_242319305 {\n  width: 57%;\n}\n<\/style>\n\t<\/div>\n\t\n\t\t<\/div>\n\t\t\t<\/div>\n\n\t\n<\/div>\n<div class=\"row row-large align-center\"  id=\"row-1764647870\">\n\n\t<div id=\"col-1082819049\" class=\"col medium-9 small-12 large-9\"  >\n\t\t<div class=\"col-inner\"  >\n\t\t\t\n\t\t\t\n<p><span style=\"color: #0000ff;\"><strong>Cung c\u1ea5p thi\u1ebft b\u1ecb:<\/strong><\/span><\/p>\n<ul>\n<li>Ph\u00f2ng ch\u00e1y ch\u1eefa ch\u00e1y<\/li>\n<li>\u0110\u1ed9ng c\u01a1, bi\u1ebfn t\u1ea7n v\u00e0 h\u1ec7 th\u1ed1ng l\u01b0u \u0111i\u1ec7n<\/li>\n<li>Thi\u1ebft b\u1ecb \u0111o l\u01b0\u1eddng, thi\u1ebft b\u1ecb ph\u00e2n t\u00edch v\u00e0 gi\u00e1m s\u00e1t m\u00f4i tr\u01b0\u1eddng<\/li>\n<li>Thi\u1ebft b\u1ecb \u0111i\u1ec7n v\u00e0 c\u01a1 kh\u00ed<\/li>\n<li>Kh\u00ed chu\u1ea9n, \u0111\u1ea7u d\u00f2 v\u00e0 thi\u1ebft b\u1ecb gi\u00e1m s\u00e1t kh\u00ed, van \u0111i\u1ec1u \u00e1p \u0111\u1eb7c bi\u1ec7t<\/li>\n<li>H\u00f3a ch\u1ea5t<\/li>\n<\/ul>\n<p style=\"text-align: left;\"><strong><span style=\"color: #0000ff;\">VEMS Co., Ltd mong mu\u1ed1n thi\u1ebft l\u1eadp m\u1ed1i quan h\u1ec7 kinh doanh v\u1edbi t\u1ea5t c\u1ea3 c\u00e1c c\u00f4ng ty trong v\u00e0 ngo\u00e0i n\u01b0\u1edbc nh\u1eb1m m\u1ee5c \u0111\u00edch h\u1ee3p t\u00e1c v\u00e0 ph\u00e1t tri\u1ec3n.<\/span><\/strong><\/p>\n\t\t<\/div>\n\t\t\t<\/div>\n\n\t\n<\/div>\n<div class=\"row row-collapse\"  id=\"row-1247115811\">\n\n\t<div id=\"col-2029946020\" class=\"col small-12 large-12\"  >\n\t\t<div class=\"col-inner text-center\"  >\n\t\t\t\n\t\t\t\n<a href=\"https:\/\/vems.com.vn\/vi\/contact-us\/\" target=\"_self\" class=\"button primary is-link\"  >\n    <span>Li\u00ean h\u1ec7<\/span>\n  <\/a>\n\n\t\t<\/div>\n\t\t\n<style>\n#col-2029946020 > .col-inner {\n  margin: 20px 0px 0px 0px;\n}\n<\/style>\n\t<\/div>\n\n\t\n<\/div>\n\t\t<\/div>\n\n\t\t\n<style>\n#section_653280990 {\n  padding-top: 30px;\n  padding-bottom: 30px;\n}\n<\/style>\n\t<\/section>","protected":false},"excerpt":{"rendered":"","protected":false},"author":1,"featured_media":0,"parent":0,"menu_order":0,"comment_status":"closed","ping_status":"closed","template":"","meta":[],"yoast_head":"<!-- This site is optimized with the Yoast SEO plugin v16.8 - https:\/\/yoast.com\/wordpress\/plugins\/seo\/ -->\n<title>About us - VEMS<\/title>\n<meta name=\"robots\" content=\"index, follow, max-snippet:-1, max-image-preview:large, max-video-preview:-1\" \/>\n<link rel=\"canonical\" href=\"https:\/\/vems.com.vn\/vi\/about-us\/\" \/>\n<meta property=\"og:locale\" content=\"vi_VN\" \/>\n<meta property=\"og:type\" content=\"article\" \/>\n<meta property=\"og:title\" content=\"About us - VEMS\" \/>\n<meta property=\"og:url\" content=\"https:\/\/vems.com.vn\/vi\/about-us\/\" \/>\n<meta property=\"og:site_name\" content=\"VEMS\" \/>\n<meta property=\"article:modified_time\" content=\"2025-10-15T09:42:54+00:00\" \/>\n<meta name=\"twitter:card\" content=\"summary_large_image\" \/>\n<meta name=\"twitter:label1\" content=\"\u01af\u1edbc t\u00ednh th\u1eddi gian \u0111\u1ecdc\" \/>\n\t<meta name=\"twitter:data1\" content=\"2 ph\u00fat\" \/>\n<script type=\"application\/ld+json\" class=\"yoast-schema-graph\">{\"@context\":\"https:\/\/schema.org\",\"@graph\":[{\"@type\":\"WebSite\",\"@id\":\"https:\/\/vems.com.vn\/vi\/#website\",\"url\":\"https:\/\/vems.com.vn\/vi\/\",\"name\":\"VEMS\",\"description\":\"Viet Nam Equipment &amp; Metrology Service., LTD\",\"potentialAction\":[{\"@type\":\"SearchAction\",\"target\":{\"@type\":\"EntryPoint\",\"urlTemplate\":\"https:\/\/vems.com.vn\/vi\/?s={search_term_string}\"},\"query-input\":\"required name=search_term_string\"}],\"inLanguage\":\"vi\"},{\"@type\":\"WebPage\",\"@id\":\"https:\/\/vems.com.vn\/vi\/about-us\/#webpage\",\"url\":\"https:\/\/vems.com.vn\/vi\/about-us\/\",\"name\":\"About us - VEMS\",\"isPartOf\":{\"@id\":\"https:\/\/vems.com.vn\/vi\/#website\"},\"datePublished\":\"2021-08-02T12:45:22+00:00\",\"dateModified\":\"2025-10-15T09:42:54+00:00\",\"breadcrumb\":{\"@id\":\"https:\/\/vems.com.vn\/vi\/about-us\/#breadcrumb\"},\"inLanguage\":\"vi\",\"potentialAction\":[{\"@type\":\"ReadAction\",\"target\":[\"https:\/\/vems.com.vn\/vi\/about-us\/\"]}]},{\"@type\":\"BreadcrumbList\",\"@id\":\"https:\/\/vems.com.vn\/vi\/about-us\/#breadcrumb\",\"itemListElement\":[{\"@type\":\"ListItem\",\"position\":1,\"name\":\"Trang ch\\u1ee7\",\"item\":\"https:\/\/vems.com.vn\/vi\/\"},{\"@type\":\"ListItem\",\"position\":2,\"name\":\"About us\"}]}]}<\/script>\n<!-- \/ Yoast SEO plugin. -->","yoast_head_json":{"title":"About us - VEMS","robots":{"index":"index","follow":"follow","max-snippet":"max-snippet:-1","max-image-preview":"max-image-preview:large","max-video-preview":"max-video-preview:-1"},"canonical":"https:\/\/vems.com.vn\/vi\/about-us\/","og_locale":"vi_VN","og_type":"article","og_title":"About us - VEMS","og_url":"https:\/\/vems.com.vn\/vi\/about-us\/","og_site_name":"VEMS","article_modified_time":"2025-10-15T09:42:54+00:00","twitter_card":"summary_large_image","twitter_misc":{"\u01af\u1edbc t\u00ednh th\u1eddi gian \u0111\u1ecdc":"2 ph\u00fat"},"schema":{"@context":"https:\/\/schema.org","@graph":[{"@type":"WebSite","@id":"https:\/\/vems.com.vn\/vi\/#website","url":"https:\/\/vems.com.vn\/vi\/","name":"VEMS","description":"Viet Nam Equipment &amp; Metrology Service., LTD","potentialAction":[{"@type":"SearchAction","target":{"@type":"EntryPoint","urlTemplate":"https:\/\/vems.com.vn\/vi\/?s={search_term_string}"},"query-input":"required name=search_term_string"}],"inLanguage":"vi"},{"@type":"WebPage","@id":"https:\/\/vems.com.vn\/vi\/about-us\/#webpage","url":"https:\/\/vems.com.vn\/vi\/about-us\/","name":"About us - VEMS","isPartOf":{"@id":"https:\/\/vems.com.vn\/vi\/#website"},"datePublished":"2021-08-02T12:45:22+00:00","dateModified":"2025-10-15T09:42:54+00:00","breadcrumb":{"@id":"https:\/\/vems.com.vn\/vi\/about-us\/#breadcrumb"},"inLanguage":"vi","potentialAction":[{"@type":"ReadAction","target":["https:\/\/vems.com.vn\/vi\/about-us\/"]}]},{"@type":"BreadcrumbList","@id":"https:\/\/vems.com.vn\/vi\/about-us\/#breadcrumb","itemListElement":[{"@type":"ListItem","position":1,"name":"Trang ch\u1ee7","item":"https:\/\/vems.com.vn\/vi\/"},{"@type":"ListItem","position":2,"name":"About us"}]}]}},"_links":{"self":[{"href":"https:\/\/vems.com.vn\/vi\/wp-json\/wp\/v2\/pages\/733"}],"collection":[{"href":"https:\/\/vems.com.vn\/vi\/wp-json\/wp\/v2\/pages"}],"about":[{"href":"https:\/\/vems.com.vn\/vi\/wp-json\/wp\/v2\/types\/page"}],"author":[{"embeddable":true,"href":"https:\/\/vems.com.vn\/vi\/wp-json\/wp\/v2\/users\/1"}],"replies":[{"embeddable":true,"href":"https:\/\/vems.com.vn\/vi\/wp-json\/wp\/v2\/comments?post=733"}],"version-history":[{"count":52,"href":"https:\/\/vems.com.vn\/vi\/wp-json\/wp\/v2\/pages\/733\/revisions"}],"predecessor-version":[{"id":1248,"href":"https:\/\/vems.com.vn\/vi\/wp-json\/wp\/v2\/pages\/733\/revisions\/1248"}],"wp:attachment":[{"href":"https:\/\/vems.com.vn\/vi\/wp-json\/wp\/v2\/media?parent=733"}],"curies":[{"name":"wp","href":"https:\/\/api.w.org\/{rel}","templated":true}]}}